{"id":1636,"date":"2023-08-30T09:32:22","date_gmt":"2023-08-30T07:32:22","guid":{"rendered":"https:\/\/pouletbio85.fr\/?post_type=product&#038;p=1636"},"modified":"2026-03-11T09:24:49","modified_gmt":"2026-03-11T08:24:49","slug":"le-poulet-cendre-s-1120e-kg","status":"publish","type":"product","link":"https:\/\/pouletbio85.fr\/?product=le-poulet-cendre-s-1120e-kg","title":{"rendered":"Le poulet Cou Nu BIO S entre 1 et 1,6kgs  (S) (11,20\u20ac\/kg)"},"content":{"rendered":"<p><span class=\"WdYUQQ\">Le petit poulet fermier BIO\u00a0 \u00e0 croissance lente , petit gabarit, et \u00e0 la chair go\u00fbteuse et tendre.\u00a0<\/span><\/p>\n<p>Prix: 11,20\u20ac\/kg<\/p>\n<p>Poids moyen, pr\u00eat \u00e0 cuire \u00e0 titre indicatif : 1,4kg (poids compris entre 1 kg et 1,6 kg)<\/p>\n<p>N&#8217;h\u00e9sitez pas \u00e0 m&#8217;indiquer en note de commande si vous avez un poids pr\u00e9f\u00e9rentiel j&#8217;essaierai d&#8217;y r\u00e9pondre autant que possible.<\/p>\n<p>Photo non contractuelle<\/p>\n<p><img loading=\"lazy\" decoding=\"async\" class=\"alignnone size-medium wp-image-1228 aligncenter\" src=\"http:\/\/pouletbio85.fr\/wp-content\/uploads\/2023\/05\/Capture-225x300.png\" alt=\"\" width=\"225\" height=\"300\" srcset=\"https:\/\/pouletbio85.fr\/wp-content\/uploads\/2023\/05\/Capture-225x300.png 225w, https:\/\/pouletbio85.fr\/wp-content\/uploads\/2023\/05\/Capture.png 229w\" sizes=\"auto, (max-width: 225px) 100vw, 225px\" \/><\/p>\n","protected":false},"excerpt":{"rendered":"<p><span class=\"WdYUQQ\">Le petit poulet fermier BIO \u00e0 croissance lente , petit gabarit, et \u00e0 la chair go\u00fbteuse et tendre.\u00a0<\/span><\/p>\n<p>Prix: 11,20\u20ac\/kg<\/p>\n<p>Poids moyen, pr\u00eat \u00e0 cuire \u00e0 titre indicatif : 1,4kg (poids compris entre 1 kg et 1,6 kg)<\/p>\n<p>N&#8217;h\u00e9sitez pas \u00e0 m&#8217;indiquer en note de commande si vous avez un poids pr\u00e9f\u00e9rentiel j&#8217;essaierai d&#8217;y r\u00e9pondre autant que possible.<\/p>\n<p>Photo non contractuelle<\/p>\n","protected":false},"featured_media":1605,"template":"","meta":{"_kadence_starter_templates_imported_post":false,"_kad_post_transparent":"default","_kad_post_title":"","_kad_post_layout":"default","_kad_post_sidebar_id":"","_kad_post_content_style":"default","_kad_post_vertical_padding":"default","_kad_post_feature":"","_kad_post_feature_position":"","_kad_post_header":false,"_kad_post_footer":false},"product_brand":[],"product_cat":[15],"product_tag":[],"class_list":{"0":"post-1636","1":"product","2":"type-product","3":"status-publish","4":"has-post-thumbnail","6":"product_cat-uncategorized","8":"first","9":"instock","10":"shipping-taxable","11":"purchasable","12":"product-type-simple","13":"entry","14":"content-bg","15":"loop-entry"},"_links":{"self":[{"href":"https:\/\/pouletbio85.fr\/index.php?rest_route=\/wp\/v2\/product\/1636","targetHints":{"allow":["GET"]}}],"collection":[{"href":"https:\/\/pouletbio85.fr\/index.php?rest_route=\/wp\/v2\/product"}],"about":[{"href":"https:\/\/pouletbio85.fr\/index.php?rest_route=\/wp\/v2\/types\/product"}],"wp:featuredmedia":[{"embeddable":true,"href":"https:\/\/pouletbio85.fr\/index.php?rest_route=\/wp\/v2\/media\/1605"}],"wp:attachment":[{"href":"https:\/\/pouletbio85.fr\/index.php?rest_route=%2Fwp%2Fv2%2Fmedia&parent=1636"}],"wp:term":[{"taxonomy":"product_brand","embeddable":true,"href":"https:\/\/pouletbio85.fr\/index.php?rest_route=%2Fwp%2Fv2%2Fproduct_brand&post=1636"},{"taxonomy":"product_cat","embeddable":true,"href":"https:\/\/pouletbio85.fr\/index.php?rest_route=%2Fwp%2Fv2%2Fproduct_cat&post=1636"},{"taxonomy":"product_tag","embeddable":true,"href":"https:\/\/pouletbio85.fr\/index.php?rest_route=%2Fwp%2Fv2%2Fproduct_tag&post=1636"}],"curies":[{"name":"wp","href":"https:\/\/api.w.org\/{rel}","templated":true}]}}