{"id":2639,"date":"2025-06-03T12:40:57","date_gmt":"2025-06-03T10:40:57","guid":{"rendered":"https:\/\/pouletbio85.fr\/?post_type=product&#038;p=2639"},"modified":"2025-06-03T12:44:34","modified_gmt":"2025-06-03T10:44:34","slug":"rillettes-de-poulet-bio","status":"publish","type":"product","link":"https:\/\/pouletbio85.fr\/?product=rillettes-de-poulet-bio","title":{"rendered":"Rillettes de poulet BIO"},"content":{"rendered":"<p>R\u00e9galez vous avec ces rillettes de poulet BIO concoct\u00e9e par La Cuisine Paysanne de C\u00e9cile \u00e0 la Mothe-Achard, avec mes volailles et d&#8217;autres produits bio issus des producteurs locaux.<\/p>\n<p>Ingr\u00e9dients: Chair de poulet (cuisses 56%), gros sel de l&#8217;Ile d&#8217;Olonne, bouillon de volailles, vin blanc, oignons, carottes, thym et \u00e9pices.<\/p>\n<p>Poids net: 180g<\/p>\n","protected":false},"excerpt":{"rendered":"<p>R\u00e9galez vous avec ces rillettes de poulet BIO concoct\u00e9e par La Cuisine Paysanne de C\u00e9cile \u00e0 la Mothe-Achard, avec mes volailles et d&#8217;autres produits bio issus des producteurs locaux.<\/p>\n","protected":false},"featured_media":2640,"template":"","meta":{"_kadence_starter_templates_imported_post":false,"_kad_post_transparent":"default","_kad_post_title":"","_kad_post_layout":"default","_kad_post_sidebar_id":"","_kad_post_content_style":"default","_kad_post_vertical_padding":"default","_kad_post_feature":"","_kad_post_feature_position":"","_kad_post_header":false,"_kad_post_footer":false},"product_brand":[],"product_cat":[15],"product_tag":[],"class_list":{"0":"post-2639","1":"product","2":"type-product","3":"status-publish","4":"has-post-thumbnail","6":"product_cat-uncategorized","8":"first","9":"instock","10":"shipping-taxable","11":"purchasable","12":"product-type-simple","13":"entry","14":"content-bg","15":"loop-entry"},"_links":{"self":[{"href":"https:\/\/pouletbio85.fr\/index.php?rest_route=\/wp\/v2\/product\/2639","targetHints":{"allow":["GET"]}}],"collection":[{"href":"https:\/\/pouletbio85.fr\/index.php?rest_route=\/wp\/v2\/product"}],"about":[{"href":"https:\/\/pouletbio85.fr\/index.php?rest_route=\/wp\/v2\/types\/product"}],"wp:featuredmedia":[{"embeddable":true,"href":"https:\/\/pouletbio85.fr\/index.php?rest_route=\/wp\/v2\/media\/2640"}],"wp:attachment":[{"href":"https:\/\/pouletbio85.fr\/index.php?rest_route=%2Fwp%2Fv2%2Fmedia&parent=2639"}],"wp:term":[{"taxonomy":"product_brand","embeddable":true,"href":"https:\/\/pouletbio85.fr\/index.php?rest_route=%2Fwp%2Fv2%2Fproduct_brand&post=2639"},{"taxonomy":"product_cat","embeddable":true,"href":"https:\/\/pouletbio85.fr\/index.php?rest_route=%2Fwp%2Fv2%2Fproduct_cat&post=2639"},{"taxonomy":"product_tag","embeddable":true,"href":"https:\/\/pouletbio85.fr\/index.php?rest_route=%2Fwp%2Fv2%2Fproduct_tag&post=2639"}],"curies":[{"name":"wp","href":"https:\/\/api.w.org\/{rel}","templated":true}]}}