{"id":2686,"date":"2025-06-24T12:00:12","date_gmt":"2025-06-24T10:00:12","guid":{"rendered":"https:\/\/pouletbio85.fr\/?post_type=product&#038;p=2686"},"modified":"2026-04-08T23:47:11","modified_gmt":"2026-04-08T21:47:11","slug":"le-chapon-bio-congele-1680e-kg","status":"publish","type":"product","link":"https:\/\/pouletbio85.fr\/?product=le-chapon-bio-congele-1680e-kg","title":{"rendered":"Le Chapon BIO (16,80\u20ac\/kg) surgel\u00e9"},"content":{"rendered":"<p>Chapon SURGELE<\/p>\n<p>Volaille festive par excellence, le chapon biologique est \u00e9lev\u00e9 plus de 6 mois en plein air et nourris aux c\u00e9r\u00e9ales et \u00e0 la farine de lait pour en faire de belles volailles tendres et savoureuses pour\u00a0 8 \u00e0 12 convives environ.<\/p>\n<p>Poids moyen, pr\u00eat \u00e0 cuire, \u00e0 titre indicatif: entre 2,8 et 4,2kgs (les poids peuvent varier en fonction du gabarit du chapon).<\/p>\n<p>Volaille festive originale, nous vous proposons pour les f\u00eates 2025 (No\u00ebl et 31 d\u00e9cembre), nos chapons d&#8217;exception biologiques, \u00e9lev\u00e9s plus de 6 mois en plein air et nourries aux c\u00e9r\u00e9ales et \u00e0 la farine de lait pour en faire de belles volailles tendres et savoureuses pour\u00a0 8 \u00e0 12 convives environ.<\/p>\n<p>N&#8217;h\u00e9sitez pas \u00e0 m&#8217;indiquer en &#8220;note de commande&#8221; votre pr\u00e9f\u00e9rence de poids si vous en avez une.<\/p>\n<p><strong>LES VOLAILLES FESTIVES SERONT DISPONIBLES SUR MES DIFFERENTS POINTS DE RETRAIT UNIQUEMENT A PARTIR DU 19 DECEMBRE.<\/strong><\/p>\n","protected":false},"excerpt":{"rendered":"<p>Chapon SURGELE<\/p>\n<p>Volaille festive par excellence, le chapon biologique est \u00e9lev\u00e9 plus de 6 mois en plein air et nourris aux c\u00e9r\u00e9ales et \u00e0 la farine de lait pour en faire de belles volailles tendres et savoureuses pour\u00a0 8 \u00e0 12 convives environ.<\/p>\n<p>Poids moyen, pr\u00eat \u00e0 cuire, \u00e0 titre indicatif: entre 2,2 et 3,2kgs (les poids peuvent varier en fonction du gabarit du chapon).<\/p>\n<p>Volaille festive originale, nous vous proposons pour les f\u00eates 2025 (No\u00ebl et 31 d\u00e9cembre), nos chapons d&#8217;exception biologiques, \u00e9lev\u00e9s plus de 6 mois en plein air et nourries aux c\u00e9r\u00e9ales et \u00e0 la farine de lait pour en faire de belles volailles tendres et savoureuses pour\u00a0 8 \u00e0 12 convives environ.<\/p>\n<p>N&#8217;h\u00e9sitez pas \u00e0 m&#8217;indiquer en &#8220;note de commande&#8221; votre pr\u00e9f\u00e9rence de poids si vous en avez une.<\/p>\n<p><strong>LES VOLAILLES FESTIVES SERONT DISPONIBLES SUR MES DIFFERENTS POINTS DE RETRAIT UNIQUEMENT A PARTIR DU 19 DECEMBRE.<\/strong><\/p>\n","protected":false},"featured_media":1597,"template":"","meta":{"_kadence_starter_templates_imported_post":false,"_kad_post_transparent":"default","_kad_post_title":"","_kad_post_layout":"default","_kad_post_sidebar_id":"","_kad_post_content_style":"default","_kad_post_vertical_padding":"default","_kad_post_feature":"","_kad_post_feature_position":"","_kad_post_header":false,"_kad_post_footer":false},"product_brand":[],"product_cat":[15],"product_tag":[],"class_list":{"0":"post-2686","1":"product","2":"type-product","3":"status-publish","4":"has-post-thumbnail","6":"product_cat-uncategorized","8":"first","9":"instock","10":"sale","11":"shipping-taxable","12":"purchasable","13":"product-type-simple","14":"entry","15":"content-bg","16":"loop-entry"},"_links":{"self":[{"href":"https:\/\/pouletbio85.fr\/index.php?rest_route=\/wp\/v2\/product\/2686","targetHints":{"allow":["GET"]}}],"collection":[{"href":"https:\/\/pouletbio85.fr\/index.php?rest_route=\/wp\/v2\/product"}],"about":[{"href":"https:\/\/pouletbio85.fr\/index.php?rest_route=\/wp\/v2\/types\/product"}],"wp:featuredmedia":[{"embeddable":true,"href":"https:\/\/pouletbio85.fr\/index.php?rest_route=\/wp\/v2\/media\/1597"}],"wp:attachment":[{"href":"https:\/\/pouletbio85.fr\/index.php?rest_route=%2Fwp%2Fv2%2Fmedia&parent=2686"}],"wp:term":[{"taxonomy":"product_brand","embeddable":true,"href":"https:\/\/pouletbio85.fr\/index.php?rest_route=%2Fwp%2Fv2%2Fproduct_brand&post=2686"},{"taxonomy":"product_cat","embeddable":true,"href":"https:\/\/pouletbio85.fr\/index.php?rest_route=%2Fwp%2Fv2%2Fproduct_cat&post=2686"},{"taxonomy":"product_tag","embeddable":true,"href":"https:\/\/pouletbio85.fr\/index.php?rest_route=%2Fwp%2Fv2%2Fproduct_tag&post=2686"}],"curies":[{"name":"wp","href":"https:\/\/api.w.org\/{rel}","templated":true}]}}