{"id":2777,"date":"2025-08-12T09:57:43","date_gmt":"2025-08-12T07:57:43","guid":{"rendered":"https:\/\/pouletbio85.fr\/?post_type=product&#038;p=2777"},"modified":"2026-01-08T14:47:22","modified_gmt":"2026-01-08T13:47:22","slug":"gesiers-de-volailles-confits","status":"publish","type":"product","link":"https:\/\/pouletbio85.fr\/?product=gesiers-de-volailles-confits","title":{"rendered":"G\u00e9siers de volailles confits"},"content":{"rendered":"<p>R\u00e9galez vous avec ces g\u00e9siers\u00a0 confits issus de mes volailles BIO (pintade et poulet) concoct\u00e9e par La Cuisine Paysanne de C\u00e9cile \u00e0 la Mothe-Achard et d&#8217;autres produits issus des producteurs locaux.<\/p>\n<p>Ingr\u00e9dients: G\u00e9siers de volailles, graisse de canard, gros sel de l&#8217;Ile d&#8217;Olonne et \u00e9pices.<\/p>\n<p>Poids net:\u00a0 630grs<\/p>\n","protected":false},"excerpt":{"rendered":"<p>R\u00e9galez vous avec ces g\u00e9siers\u00a0 confits issus de mes volailles BIO (pintade et poulet) concoct\u00e9e par La Cuisine Paysanne de C\u00e9cile \u00e0 la Mothe-Achard et d&#8217;autres produits issus des producteurs locaux.<\/p>\n<p>Ingr\u00e9dients: G\u00e9siers de volailles, graisse de canard, gros sel de l&#8217;Ile d&#8217;Olonne et \u00e9pices.<\/p>\n<p>Poids net:\u00a0 630grs<\/p>\n","protected":false},"featured_media":2778,"template":"","meta":{"_kadence_starter_templates_imported_post":false,"_kad_post_transparent":"default","_kad_post_title":"","_kad_post_layout":"default","_kad_post_sidebar_id":"","_kad_post_content_style":"default","_kad_post_vertical_padding":"default","_kad_post_feature":"","_kad_post_feature_position":"","_kad_post_header":false,"_kad_post_footer":false},"product_brand":[],"product_cat":[15],"product_tag":[],"class_list":{"0":"post-2777","1":"product","2":"type-product","3":"status-publish","4":"has-post-thumbnail","6":"product_cat-uncategorized","8":"first","9":"instock","10":"shipping-taxable","11":"purchasable","12":"product-type-simple","13":"entry","14":"content-bg","15":"loop-entry"},"_links":{"self":[{"href":"https:\/\/pouletbio85.fr\/index.php?rest_route=\/wp\/v2\/product\/2777","targetHints":{"allow":["GET"]}}],"collection":[{"href":"https:\/\/pouletbio85.fr\/index.php?rest_route=\/wp\/v2\/product"}],"about":[{"href":"https:\/\/pouletbio85.fr\/index.php?rest_route=\/wp\/v2\/types\/product"}],"wp:featuredmedia":[{"embeddable":true,"href":"https:\/\/pouletbio85.fr\/index.php?rest_route=\/wp\/v2\/media\/2778"}],"wp:attachment":[{"href":"https:\/\/pouletbio85.fr\/index.php?rest_route=%2Fwp%2Fv2%2Fmedia&parent=2777"}],"wp:term":[{"taxonomy":"product_brand","embeddable":true,"href":"https:\/\/pouletbio85.fr\/index.php?rest_route=%2Fwp%2Fv2%2Fproduct_brand&post=2777"},{"taxonomy":"product_cat","embeddable":true,"href":"https:\/\/pouletbio85.fr\/index.php?rest_route=%2Fwp%2Fv2%2Fproduct_cat&post=2777"},{"taxonomy":"product_tag","embeddable":true,"href":"https:\/\/pouletbio85.fr\/index.php?rest_route=%2Fwp%2Fv2%2Fproduct_tag&post=2777"}],"curies":[{"name":"wp","href":"https:\/\/api.w.org\/{rel}","templated":true}]}}