{"id":3232,"date":"2026-03-27T11:25:05","date_gmt":"2026-03-27T10:25:05","guid":{"rendered":"https:\/\/pouletbio85.fr\/?post_type=product&#038;p=3232"},"modified":"2026-05-01T20:31:55","modified_gmt":"2026-05-01T18:31:55","slug":"coq-sussex","status":"publish","type":"product","link":"https:\/\/pouletbio85.fr\/?product=coq-sussex","title":{"rendered":"Coq Sussex"},"content":{"rendered":"<p>Tr\u00e8s beau coq rustique et r\u00e9sistant , sociable il accompagnera et prot\u00e8gera vos poules.<\/p>\n<p>Il aura 4 mois d\u00e9but avril.<\/p>\n<p>R\u00c9SERVATION OBLIGATOIRE<\/p>\n<p>&nbsp;<\/p>\n","protected":false},"excerpt":{"rendered":"<p>Tr\u00e8s beau coq rustique et r\u00e9sistant , sociable il accompagnera et prot\u00e8gera vos poules.<\/p>\n<p>Il aura 4 mois d\u00e9but avril.<\/p>\n<p>R\u00c9SERVATION OBLIGATOIRE<\/p>\n","protected":false},"featured_media":3233,"template":"","meta":{"_kadence_starter_templates_imported_post":false,"_kad_post_transparent":"default","_kad_post_title":"","_kad_post_layout":"default","_kad_post_sidebar_id":"","_kad_post_content_style":"default","_kad_post_vertical_padding":"default","_kad_post_feature":"","_kad_post_feature_position":"","_kad_post_header":false,"_kad_post_footer":false},"product_brand":[],"product_cat":[15],"product_tag":[],"class_list":{"0":"post-3232","1":"product","2":"type-product","3":"status-publish","4":"has-post-thumbnail","6":"product_cat-uncategorized","8":"first","9":"instock","10":"shipping-taxable","11":"purchasable","12":"product-type-simple","13":"entry","14":"content-bg","15":"loop-entry"},"_links":{"self":[{"href":"https:\/\/pouletbio85.fr\/index.php?rest_route=\/wp\/v2\/product\/3232","targetHints":{"allow":["GET"]}}],"collection":[{"href":"https:\/\/pouletbio85.fr\/index.php?rest_route=\/wp\/v2\/product"}],"about":[{"href":"https:\/\/pouletbio85.fr\/index.php?rest_route=\/wp\/v2\/types\/product"}],"wp:featuredmedia":[{"embeddable":true,"href":"https:\/\/pouletbio85.fr\/index.php?rest_route=\/wp\/v2\/media\/3233"}],"wp:attachment":[{"href":"https:\/\/pouletbio85.fr\/index.php?rest_route=%2Fwp%2Fv2%2Fmedia&parent=3232"}],"wp:term":[{"taxonomy":"product_brand","embeddable":true,"href":"https:\/\/pouletbio85.fr\/index.php?rest_route=%2Fwp%2Fv2%2Fproduct_brand&post=3232"},{"taxonomy":"product_cat","embeddable":true,"href":"https:\/\/pouletbio85.fr\/index.php?rest_route=%2Fwp%2Fv2%2Fproduct_cat&post=3232"},{"taxonomy":"product_tag","embeddable":true,"href":"https:\/\/pouletbio85.fr\/index.php?rest_route=%2Fwp%2Fv2%2Fproduct_tag&post=3232"}],"curies":[{"name":"wp","href":"https:\/\/api.w.org\/{rel}","templated":true}]}}