{"id":3279,"date":"2026-04-13T17:39:04","date_gmt":"2026-04-13T15:39:04","guid":{"rendered":"https:\/\/pouletbio85.fr\/?post_type=product&#038;p=3279"},"modified":"2026-04-13T17:48:31","modified_gmt":"2026-04-13T15:48:31","slug":"poule-pondeuse-sussex","status":"publish","type":"product","link":"https:\/\/pouletbio85.fr\/?product=poule-pondeuse-sussex","title":{"rendered":"Poule pondeuse Sussex"},"content":{"rendered":"<p>Jolie poule rustique et r\u00e9sistante , la poule grise s\u2019\u00e9l\u00e8ve facilement, elle est de nature curieuse\u00a0 et tr\u00e8s sociable.\u00a0 Elle est \u00e9galement bonne couveuse. Dans de bonnes conditions de soins et une nourriture adapt\u00e9e, la ponte peut varier entre 220 \u00e0 250 \u0153ufs par an ; les \u0153ufs de gros calibre et de couleur : beige \u00e0 ros\u00e9.<\/p>\n<p>D\u00e9but de la ponte aux alentours de 18 \u00e0 22\u00a0 semaines.<\/p>\n<p>Prix: 13\u20ac\/pi\u00e8ce de 2 mois \u00e0 3 mois (du 20 avril au 20 mai)<\/p>\n<p>Prix: 14\u20ac\/pi\u00e8ce de 3 \u00e0 4 mois (du 21 mai au 21 juin)<\/p>\n<p>Prix: 15\u20ac\/pi\u00e8ce \u00e0 plus de 4 mois \u00e0 partir du 22 juin<\/p>\n<p>R\u00c9SERVATION OBLIGATOIRE<\/p>\n<p>&nbsp;<\/p>\n","protected":false},"excerpt":{"rendered":"<p>Jolie poule rustique et r\u00e9sistante , la poule grise s\u2019\u00e9l\u00e8ve facilement, elle est de nature curieuse\u00a0 et tr\u00e8s sociable.\u00a0 Elle est \u00e9galement bonne couveuse. Dans de bonnes conditions de soins et une nourriture adapt\u00e9e, la ponte peut varier entre 220 \u00e0 250 \u0153ufs par an ; les \u0153ufs de gros calibre et de couleur :&#8230;<\/p>\n","protected":false},"featured_media":1039,"template":"","meta":{"_kadence_starter_templates_imported_post":false,"_kad_post_transparent":"default","_kad_post_title":"","_kad_post_layout":"default","_kad_post_sidebar_id":"","_kad_post_content_style":"default","_kad_post_vertical_padding":"default","_kad_post_feature":"","_kad_post_feature_position":"","_kad_post_header":false,"_kad_post_footer":false},"product_brand":[],"product_cat":[15],"product_tag":[],"class_list":{"0":"post-3279","1":"product","2":"type-product","3":"status-publish","4":"has-post-thumbnail","6":"product_cat-uncategorized","8":"first","9":"instock","10":"shipping-taxable","11":"purchasable","12":"product-type-simple","13":"entry","14":"content-bg","15":"loop-entry"},"_links":{"self":[{"href":"https:\/\/pouletbio85.fr\/index.php?rest_route=\/wp\/v2\/product\/3279","targetHints":{"allow":["GET"]}}],"collection":[{"href":"https:\/\/pouletbio85.fr\/index.php?rest_route=\/wp\/v2\/product"}],"about":[{"href":"https:\/\/pouletbio85.fr\/index.php?rest_route=\/wp\/v2\/types\/product"}],"wp:featuredmedia":[{"embeddable":true,"href":"https:\/\/pouletbio85.fr\/index.php?rest_route=\/wp\/v2\/media\/1039"}],"wp:attachment":[{"href":"https:\/\/pouletbio85.fr\/index.php?rest_route=%2Fwp%2Fv2%2Fmedia&parent=3279"}],"wp:term":[{"taxonomy":"product_brand","embeddable":true,"href":"https:\/\/pouletbio85.fr\/index.php?rest_route=%2Fwp%2Fv2%2Fproduct_brand&post=3279"},{"taxonomy":"product_cat","embeddable":true,"href":"https:\/\/pouletbio85.fr\/index.php?rest_route=%2Fwp%2Fv2%2Fproduct_cat&post=3279"},{"taxonomy":"product_tag","embeddable":true,"href":"https:\/\/pouletbio85.fr\/index.php?rest_route=%2Fwp%2Fv2%2Fproduct_tag&post=3279"}],"curies":[{"name":"wp","href":"https:\/\/api.w.org\/{rel}","templated":true}]}}